{"id":105,"date":"2020-01-17T18:25:04","date_gmt":"2020-01-17T17:25:04","guid":{"rendered":"http:\/\/s-e-krause.de\/?page_id=105"},"modified":"2020-01-17T18:25:04","modified_gmt":"2020-01-17T17:25:04","slug":"windows","status":"publish","type":"page","link":"https:\/\/s-e-krause.de\/?page_id=105","title":{"rendered":"Windows"},"content":{"rendered":"<h2>Windows<\/h2>\n<p>Windows setzen wir seit der Version 3.0\/1989 ein. Entsprechend f\u00fchren wir sehr weitgehende Kenntnisse in die Produktsemantik von Microsoft.<\/p>\n<h4>Entwicklungssprachen<\/h4>\n<p>Unter VisualStudio 1 bis 8 haben wir verschiedenste Projekte in VisualBasic, Delphi und C++, aber auch in Java durchgef\u00fchrt. Die Bandbreite reicht von Warenwirtschaft bis zur Datenvisualisierung.<\/p>\n<p>MFC, COM, OCX oder simple DLLs sind vertraute Werkzeuge. Selbstverst\u00e4ndlich geh\u00f6rt hierzu auch ein tieferes Verst\u00e4ndnis zur Win-API, u.a. die GDI, die Registry oder die Win-Sockets.<\/p>\n<p>Auch die Fernsteuerung von Office-Applikationen wie Word oder Excel mit VBA oder die Nutzung von Access oder anderer Datenbanken mit ODBC sind uns gel\u00e4ufig.<\/p>\n","protected":false},"excerpt":{"rendered":"<p>Windows Windows setzen wir seit der Version 3.0\/1989 ein. Entsprechend f\u00fchren wir sehr weitgehende Kenntnisse in die Produktsemantik von Microsoft. Entwicklungssprachen Unter VisualStudio 1 bis 8 haben wir verschiedenste Projekte in VisualBasic, Delphi und C++, aber auch in Java durchgef\u00fchrt. Die Bandbreite reicht von Warenwirtschaft bis zur Datenvisualisierung. MFC, COM, OCX oder simple DLLs sind<span class=\"post-excerpt-end\">&hellip;<\/span><\/p>\n<p class=\"more-link\"><a href=\"https:\/\/s-e-krause.de\/?page_id=105\" class=\"themebutton\">Read More<\/a><\/p>\n","protected":false},"author":1,"featured_media":0,"parent":0,"menu_order":0,"comment_status":"closed","ping_status":"closed","template":"","meta":{"footnotes":""},"_links":{"self":[{"href":"https:\/\/s-e-krause.de\/index.php?rest_route=\/wp\/v2\/pages\/105"}],"collection":[{"href":"https:\/\/s-e-krause.de\/index.php?rest_route=\/wp\/v2\/pages"}],"about":[{"href":"https:\/\/s-e-krause.de\/index.php?rest_route=\/wp\/v2\/types\/page"}],"author":[{"embeddable":true,"href":"https:\/\/s-e-krause.de\/index.php?rest_route=\/wp\/v2\/users\/1"}],"replies":[{"embeddable":true,"href":"https:\/\/s-e-krause.de\/index.php?rest_route=%2Fwp%2Fv2%2Fcomments&post=105"}],"version-history":[{"count":1,"href":"https:\/\/s-e-krause.de\/index.php?rest_route=\/wp\/v2\/pages\/105\/revisions"}],"predecessor-version":[{"id":106,"href":"https:\/\/s-e-krause.de\/index.php?rest_route=\/wp\/v2\/pages\/105\/revisions\/106"}],"wp:attachment":[{"href":"https:\/\/s-e-krause.de\/index.php?rest_route=%2Fwp%2Fv2%2Fmedia&parent=105"}],"curies":[{"name":"wp","href":"https:\/\/api.w.org\/{rel}","templated":true}]}}