{"id":109,"date":"2020-01-17T18:25:42","date_gmt":"2020-01-17T17:25:42","guid":{"rendered":"http:\/\/s-e-krause.de\/?page_id=109"},"modified":"2020-01-17T18:25:42","modified_gmt":"2020-01-17T17:25:42","slug":"native-systeme","status":"publish","type":"page","link":"https:\/\/s-e-krause.de\/?page_id=109","title":{"rendered":"Native Systeme"},"content":{"rendered":"<h2>Native Hardwares<\/h2>\n<p>Die Software-Entwicklung in individuellen Hardware-Umgebungen geh\u00f6rt zu den spannensten T\u00e4tigkeiten. Konzept, Algorithmen, Debugging und Test sind anspruchsvoller als mit g\u00e4ngigen Rechnersystemen. Meist m\u00fcssen Messger\u00e4te wie Logic-Analysatoren oder Oszilloskope Hilfestellung bieten.<\/p>\n<h4>Entwicklungssprachen<\/h4>\n<p>Wir entwickelten auf verschiedenen Microprozessoren in C und Assembler (IP2022, Intel 8085, 80186, Zylog Z80, Motorola 6805). Die Peripherie reichte von Schrittmotorsteuerung bis zur USB-Logik.<br \/>\nWir verstehen Schaltpl\u00e4ne und Chip-Datenbl\u00e4tter. Echtzeitbedingungen wie Taktzyklen, Speicherzust\u00e4nde, Austastl\u00fccken, Methoden der Interruptpriorisierung und die T\u00fccken des Multitasking sind uns vertraut.<br \/>\nDie status-neutrale Macroprogrammierung oder die Nutzung von Intellectual-Property-Libraries sind wir gewohnt.<br \/>\nWir haben Erfahrung in der Konzipierung und Durchf\u00fchrung von Testl\u00e4ufen von Firmware.<\/p>\n","protected":false},"excerpt":{"rendered":"<p>Native Hardwares Die Software-Entwicklung in individuellen Hardware-Umgebungen geh\u00f6rt zu den spannensten T\u00e4tigkeiten. Konzept, Algorithmen, Debugging und Test sind anspruchsvoller als mit g\u00e4ngigen Rechnersystemen. Meist m\u00fcssen Messger\u00e4te wie Logic-Analysatoren oder Oszilloskope Hilfestellung bieten. Entwicklungssprachen Wir entwickelten auf verschiedenen Microprozessoren in C und Assembler (IP2022, Intel 8085, 80186, Zylog Z80, Motorola 6805). Die Peripherie reichte von Schrittmotorsteuerung<span class=\"post-excerpt-end\">&hellip;<\/span><\/p>\n<p class=\"more-link\"><a href=\"https:\/\/s-e-krause.de\/?page_id=109\" class=\"themebutton\">Read More<\/a><\/p>\n","protected":false},"author":1,"featured_media":0,"parent":0,"menu_order":0,"comment_status":"closed","ping_status":"closed","template":"","meta":{"footnotes":""},"_links":{"self":[{"href":"https:\/\/s-e-krause.de\/index.php?rest_route=\/wp\/v2\/pages\/109"}],"collection":[{"href":"https:\/\/s-e-krause.de\/index.php?rest_route=\/wp\/v2\/pages"}],"about":[{"href":"https:\/\/s-e-krause.de\/index.php?rest_route=\/wp\/v2\/types\/page"}],"author":[{"embeddable":true,"href":"https:\/\/s-e-krause.de\/index.php?rest_route=\/wp\/v2\/users\/1"}],"replies":[{"embeddable":true,"href":"https:\/\/s-e-krause.de\/index.php?rest_route=%2Fwp%2Fv2%2Fcomments&post=109"}],"version-history":[{"count":1,"href":"https:\/\/s-e-krause.de\/index.php?rest_route=\/wp\/v2\/pages\/109\/revisions"}],"predecessor-version":[{"id":110,"href":"https:\/\/s-e-krause.de\/index.php?rest_route=\/wp\/v2\/pages\/109\/revisions\/110"}],"wp:attachment":[{"href":"https:\/\/s-e-krause.de\/index.php?rest_route=%2Fwp%2Fv2%2Fmedia&parent=109"}],"curies":[{"name":"wp","href":"https:\/\/api.w.org\/{rel}","templated":true}]}}