{"id":111,"date":"2020-01-17T18:26:52","date_gmt":"2020-01-17T17:26:52","guid":{"rendered":"http:\/\/s-e-krause.de\/?page_id=111"},"modified":"2020-01-17T18:26:52","modified_gmt":"2020-01-17T17:26:52","slug":"philosophie","status":"publish","type":"page","link":"https:\/\/s-e-krause.de\/?page_id=111","title":{"rendered":"Philosophie"},"content":{"rendered":"<h2 class=\"box1\">zuverl\u00e4ssig und gewissenhaft<\/h2>\n<p>Basis jeder vertrauensvollen langfristigen <a href=\"http:\/\/localhost\/sekrause\/?id=41\">Kundenbeziehung<\/a><\/p>\n<h2 class=\"box1\">innovativ und best\u00e4ndig<\/h2>\n<p>H\u00e4ufig dem Trend voraus: 1992 Virtual Reality, 1998 Web-Applikationen, 2003 Sprachapplikationen, 2007 Logistische Robotik \u2026<br \/>\naber immer noch Support von 20 Jahre alter Software!<\/p>\n<h2 class=\"box1\">kosteng\u00fcnstig und flexibel<\/h2>\n<p>Festpreise mit kaum Verwaltungsaufwand<\/p>\n","protected":false},"excerpt":{"rendered":"<p>zuverl\u00e4ssig und gewissenhaft Basis jeder vertrauensvollen langfristigen Kundenbeziehung innovativ und best\u00e4ndig H\u00e4ufig dem Trend voraus: 1992 Virtual Reality, 1998 Web-Applikationen, 2003 Sprachapplikationen, 2007 Logistische Robotik \u2026 aber immer noch Support von 20 Jahre alter Software! kosteng\u00fcnstig und flexibel Festpreise mit kaum Verwaltungsaufwand<\/p>\n","protected":false},"author":1,"featured_media":0,"parent":0,"menu_order":0,"comment_status":"closed","ping_status":"closed","template":"","meta":{"footnotes":""},"_links":{"self":[{"href":"https:\/\/s-e-krause.de\/index.php?rest_route=\/wp\/v2\/pages\/111"}],"collection":[{"href":"https:\/\/s-e-krause.de\/index.php?rest_route=\/wp\/v2\/pages"}],"about":[{"href":"https:\/\/s-e-krause.de\/index.php?rest_route=\/wp\/v2\/types\/page"}],"author":[{"embeddable":true,"href":"https:\/\/s-e-krause.de\/index.php?rest_route=\/wp\/v2\/users\/1"}],"replies":[{"embeddable":true,"href":"https:\/\/s-e-krause.de\/index.php?rest_route=%2Fwp%2Fv2%2Fcomments&post=111"}],"version-history":[{"count":1,"href":"https:\/\/s-e-krause.de\/index.php?rest_route=\/wp\/v2\/pages\/111\/revisions"}],"predecessor-version":[{"id":112,"href":"https:\/\/s-e-krause.de\/index.php?rest_route=\/wp\/v2\/pages\/111\/revisions\/112"}],"wp:attachment":[{"href":"https:\/\/s-e-krause.de\/index.php?rest_route=%2Fwp%2Fv2%2Fmedia&parent=111"}],"curies":[{"name":"wp","href":"https:\/\/api.w.org\/{rel}","templated":true}]}}