{"id":113,"date":"2020-01-17T18:27:11","date_gmt":"2020-01-17T17:27:11","guid":{"rendered":"http:\/\/s-e-krause.de\/?page_id=113"},"modified":"2020-01-17T18:27:11","modified_gmt":"2020-01-17T17:27:11","slug":"geschichte","status":"publish","type":"page","link":"https:\/\/s-e-krause.de\/?page_id=113","title":{"rendered":"Geschichte"},"content":{"rendered":"<h2>Geschichte<\/h2>\n<p>Gegr\u00fcndet 1985 arbeiteten wir zun\u00e4chst sehr hardwarenah in der Entwicklung und Optimierung von CNC-Robotern und der Mehrachsen-Bahnsteuerung.<\/p>\n<p>Ende der 1980er begannen wir mit der Erstellung von Datenbanksystemen, teils f\u00fcr Gro\u00dfrechner (damals <cite>Midi-Size<\/cite>) und teils schon PC-basiert.<\/p>\n<p>In den 1990er Jahre besch\u00e4ftigten wir uns haupts\u00e4chlich mit der Visualisierung mittels Multimedia-Systemen aus dem 2D- und 3D-Bereich. Dabei entstanden auch Animationen und interaktive 3D-Applikationen.<\/p>\n<p>Um die Jahrtausendwende wandten wir uns der Nutzung des Internet als Client\/Server-Architektur zu, den heute gel\u00e4ufigen Webapplications.<\/p>\n<p>In den Jahren 03 bis 05 widmen wir uns der interaktiven Kopplung von Internet und Telefonnetz. Dabei stand die integrative Nutzung von Telefonmen\u00fcs mit browsergesteuerten Applikationen im Zentrum der Arbeiten.<\/p>\n<p>Im zweiten Abschnitt der 2000er ging es zur\u00fcck zu den Wurzeln, der Maschinensteuerung. Bei der Optimierung von Verpackungsanlagen mussten Bildverarbeitung und Roboter zur logistischen Einheit verkn\u00fcpft werden.<\/p>\n","protected":false},"excerpt":{"rendered":"<p>Geschichte Gegr\u00fcndet 1985 arbeiteten wir zun\u00e4chst sehr hardwarenah in der Entwicklung und Optimierung von CNC-Robotern und der Mehrachsen-Bahnsteuerung. Ende der 1980er begannen wir mit der Erstellung von Datenbanksystemen, teils f\u00fcr Gro\u00dfrechner (damals Midi-Size) und teils schon PC-basiert. In den 1990er Jahre besch\u00e4ftigten wir uns haupts\u00e4chlich mit der Visualisierung mittels Multimedia-Systemen aus dem 2D- und 3D-Bereich.<span class=\"post-excerpt-end\">&hellip;<\/span><\/p>\n<p class=\"more-link\"><a href=\"https:\/\/s-e-krause.de\/?page_id=113\" class=\"themebutton\">Read More<\/a><\/p>\n","protected":false},"author":1,"featured_media":0,"parent":0,"menu_order":0,"comment_status":"closed","ping_status":"closed","template":"","meta":{"footnotes":""},"_links":{"self":[{"href":"https:\/\/s-e-krause.de\/index.php?rest_route=\/wp\/v2\/pages\/113"}],"collection":[{"href":"https:\/\/s-e-krause.de\/index.php?rest_route=\/wp\/v2\/pages"}],"about":[{"href":"https:\/\/s-e-krause.de\/index.php?rest_route=\/wp\/v2\/types\/page"}],"author":[{"embeddable":true,"href":"https:\/\/s-e-krause.de\/index.php?rest_route=\/wp\/v2\/users\/1"}],"replies":[{"embeddable":true,"href":"https:\/\/s-e-krause.de\/index.php?rest_route=%2Fwp%2Fv2%2Fcomments&post=113"}],"version-history":[{"count":1,"href":"https:\/\/s-e-krause.de\/index.php?rest_route=\/wp\/v2\/pages\/113\/revisions"}],"predecessor-version":[{"id":114,"href":"https:\/\/s-e-krause.de\/index.php?rest_route=\/wp\/v2\/pages\/113\/revisions\/114"}],"wp:attachment":[{"href":"https:\/\/s-e-krause.de\/index.php?rest_route=%2Fwp%2Fv2%2Fmedia&parent=113"}],"curies":[{"name":"wp","href":"https:\/\/api.w.org\/{rel}","templated":true}]}}