{"id":115,"date":"2020-01-17T18:27:34","date_gmt":"2020-01-17T17:27:34","guid":{"rendered":"http:\/\/s-e-krause.de\/?page_id=115"},"modified":"2020-01-17T18:57:25","modified_gmt":"2020-01-17T17:57:25","slug":"anfahrt","status":"publish","type":"page","link":"https:\/\/s-e-krause.de\/?page_id=115","title":{"rendered":"Anfahrt"},"content":{"rendered":"<h2>Der Weg zu uns<\/h2>\n<p><a href=\"http:\/\/www.walzbachtal.de\" target=\"_blank\" rel=\"noopener noreferrer\">Walzbachtal<\/a> liegt im s\u00fcdlichen Kraichgau zwischen Karlsruhe und Bretten.<\/p>\n<p>Von Karlsruhe kommend fahren Sie Richtung Bretten \u00fcber die B10. Nach Gr\u00f6tzingen und dem Abzweig auf die und B293 in Berghausen ist die n\u00e4chste Ortschaft der Walzbachtaler Ortsteil J\u00f6hlingen. Im Ort f\u00fchrt von der Bundesstra\u00dfe eine Abfahrt nach links Richtung Weingarten. Dieser folgend finden Sie nach 150 Metern uns in einem Fachwerkgeb\u00e4ude auf der linken Seite, direkt davor ein Fu\u00dfg\u00e4nger\u00fcberweg.<\/p>\n<p>Mit der <a href=\"http:\/\/www.kvv.de\" target=\"_blank\" rel=\"noopener noreferrer\">KVV Stadtbahn<\/a> k\u00f6nnen Sie alle 20 Minuten mit der S4 nach J\u00f6hlingen fahren. Von der Haltestelle Bahnhof gelangen Sie \u00fcber einen Fu\u00dfweg in ca. 2 Minuten zu uns. Vom Bahnhof (aus Karlsruhe kommend erst die Gleise queren) folgen Sie hangabw\u00e4rts dem Stra\u00dfenverlauf. An der ersten Kreuzung gelangen Sie geradeaus auf einen Fu\u00dfweg zwischen zwei H\u00e4usern und G\u00e4rten. Im weiteren Verlauf treffen Sie nach einigen Treppenstufen auf ein Haus mit Treppenaufstieg. Hier befindet sich unser B\u00fcro.<\/p>\n","protected":false},"excerpt":{"rendered":"<p>Der Weg zu uns Walzbachtal liegt im s\u00fcdlichen Kraichgau zwischen Karlsruhe und Bretten. Von Karlsruhe kommend fahren Sie Richtung Bretten \u00fcber die B10. Nach Gr\u00f6tzingen und dem Abzweig auf die und B293 in Berghausen ist die n\u00e4chste Ortschaft der Walzbachtaler Ortsteil J\u00f6hlingen. Im Ort f\u00fchrt von der Bundesstra\u00dfe eine Abfahrt nach links Richtung Weingarten. Dieser<span class=\"post-excerpt-end\">&hellip;<\/span><\/p>\n<p class=\"more-link\"><a href=\"https:\/\/s-e-krause.de\/?page_id=115\" class=\"themebutton\">Read More<\/a><\/p>\n","protected":false},"author":1,"featured_media":0,"parent":0,"menu_order":0,"comment_status":"closed","ping_status":"closed","template":"","meta":{"footnotes":""},"_links":{"self":[{"href":"https:\/\/s-e-krause.de\/index.php?rest_route=\/wp\/v2\/pages\/115"}],"collection":[{"href":"https:\/\/s-e-krause.de\/index.php?rest_route=\/wp\/v2\/pages"}],"about":[{"href":"https:\/\/s-e-krause.de\/index.php?rest_route=\/wp\/v2\/types\/page"}],"author":[{"embeddable":true,"href":"https:\/\/s-e-krause.de\/index.php?rest_route=\/wp\/v2\/users\/1"}],"replies":[{"embeddable":true,"href":"https:\/\/s-e-krause.de\/index.php?rest_route=%2Fwp%2Fv2%2Fcomments&post=115"}],"version-history":[{"count":3,"href":"https:\/\/s-e-krause.de\/index.php?rest_route=\/wp\/v2\/pages\/115\/revisions"}],"predecessor-version":[{"id":133,"href":"https:\/\/s-e-krause.de\/index.php?rest_route=\/wp\/v2\/pages\/115\/revisions\/133"}],"wp:attachment":[{"href":"https:\/\/s-e-krause.de\/index.php?rest_route=%2Fwp%2Fv2%2Fmedia&parent=115"}],"curies":[{"name":"wp","href":"https:\/\/api.w.org\/{rel}","templated":true}]}}