{"id":29,"date":"2020-01-15T21:30:32","date_gmt":"2020-01-15T20:30:32","guid":{"rendered":"http:\/\/s-e-krause.de\/?page_id=29"},"modified":"2020-01-17T19:10:33","modified_gmt":"2020-01-17T18:10:33","slug":"bandbreite","status":"publish","type":"page","link":"https:\/\/s-e-krause.de\/?page_id=29","title":{"rendered":"Bandbreite"},"content":{"rendered":"<p>Das Prinzip ist immer das Gleiche. Trotzdem hat jedes Softwareprojekt neues Wissen gebraucht und geschaffen. In jedem der aufgef\u00fchrten Themen haben wir erfolgreich mehrere Projekte ausgef\u00fchrt und dadurch ein hohes Produktivit\u00e4tspotential.<\/p>\n<h4>Nutzerschnittstellen<\/h4>\n<ul>\n<li>Grafische Datenvisualisierung<\/li>\n<li>3D-Renderengines und Modellierung<\/li>\n<li>Sprachsteuerung<\/li>\n<\/ul>\n<h4>Hardware-Software-Kopplung<\/h4>\n<ul>\n<li>Firmwareerstellung in Assembler, C\/C++<\/li>\n<li>Ger\u00e4tetreiber f\u00fcr Linux<\/li>\n<li>Diverse Bussysteme<\/li>\n<\/ul>\n<h4>Webanwendungen<\/h4>\n<ul>\n<li>Webapplikationen in Java, C\/C++ oder PHP<\/li>\n<li>Datenbankanbindungen in ElasticSearch, Oracle, PostgreSQL oder MySQL<\/li>\n<li>Nutzerinterface mit Javascript, CSS3,<\/li>\n<\/ul>\n<h4>Sensorik<\/h4>\n<ul>\n<li>Bilderkennung<\/li>\n<li>6D VR-Devices<\/li>\n<li>Umgebungssensorik<\/li>\n<\/ul>\n","protected":false},"excerpt":{"rendered":"<p>Das Prinzip ist immer das Gleiche. Trotzdem hat jedes Softwareprojekt neues Wissen gebraucht und geschaffen. In jedem der aufgef\u00fchrten Themen haben wir erfolgreich mehrere Projekte ausgef\u00fchrt und dadurch ein hohes Produktivit\u00e4tspotential. Nutzerschnittstellen Grafische Datenvisualisierung 3D-Renderengines und Modellierung Sprachsteuerung Hardware-Software-Kopplung Firmwareerstellung in Assembler, C\/C++ Ger\u00e4tetreiber f\u00fcr Linux Diverse Bussysteme Webanwendungen Webapplikationen in Java, C\/C++ oder PHP<span class=\"post-excerpt-end\">&hellip;<\/span><\/p>\n<p class=\"more-link\"><a href=\"https:\/\/s-e-krause.de\/?page_id=29\" class=\"themebutton\">Read More<\/a><\/p>\n","protected":false},"author":1,"featured_media":0,"parent":0,"menu_order":0,"comment_status":"closed","ping_status":"closed","template":"","meta":{"footnotes":""},"_links":{"self":[{"href":"https:\/\/s-e-krause.de\/index.php?rest_route=\/wp\/v2\/pages\/29"}],"collection":[{"href":"https:\/\/s-e-krause.de\/index.php?rest_route=\/wp\/v2\/pages"}],"about":[{"href":"https:\/\/s-e-krause.de\/index.php?rest_route=\/wp\/v2\/types\/page"}],"author":[{"embeddable":true,"href":"https:\/\/s-e-krause.de\/index.php?rest_route=\/wp\/v2\/users\/1"}],"replies":[{"embeddable":true,"href":"https:\/\/s-e-krause.de\/index.php?rest_route=%2Fwp%2Fv2%2Fcomments&post=29"}],"version-history":[{"count":3,"href":"https:\/\/s-e-krause.de\/index.php?rest_route=\/wp\/v2\/pages\/29\/revisions"}],"predecessor-version":[{"id":139,"href":"https:\/\/s-e-krause.de\/index.php?rest_route=\/wp\/v2\/pages\/29\/revisions\/139"}],"wp:attachment":[{"href":"https:\/\/s-e-krause.de\/index.php?rest_route=%2Fwp%2Fv2%2Fmedia&parent=29"}],"curies":[{"name":"wp","href":"https:\/\/api.w.org\/{rel}","templated":true}]}}