{"id":40,"date":"2020-01-15T21:38:46","date_gmt":"2020-01-15T20:38:46","guid":{"rendered":"http:\/\/s-e-krause.de\/?page_id=40"},"modified":"2020-01-17T18:58:54","modified_gmt":"2020-01-17T17:58:54","slug":"dienst-leistung-mit-mehr-wert","status":"publish","type":"page","link":"https:\/\/s-e-krause.de\/?page_id=40","title":{"rendered":"Dienst-Leistung mit mehr Wert"},"content":{"rendered":"<p>Wir arbeiten ergebnisorientiert. Das gesteckte Ziel ist dabei:<\/p>\n<ul>\n<li>Pflegbarkeit durch sauber strukturierten Code<\/li>\n<li>Erweiterbarkeit durch stringente Objektorientierung<\/li>\n<li>\u00dcberschaubarkeit durch Relevanz statt Redundanz<\/li>\n<\/ul>\n<p>Ihr Unternehmen profitiert aus diesen Ans\u00e4tzen mit:<\/p>\n<ul>\n<li>termingerechtem Projektabschluss mit zuverl\u00e4ssiger Funktion<\/li>\n<li>vorausschaubaren und g\u00fcnstigen <a href=\".\/?page_id=57\">Kosten<\/a><\/li>\n<li>bester <a href=\".\/?page_id=60\">Qualit\u00e4t<\/a> f\u00fcr Funktionstreue, stabilen Lauf und sp\u00e4tere Ausbauf\u00e4higkeit<\/li>\n<\/ul>\n<p>Unsere zufriedenen <a href=\".\/?page_id=55\">Kunden<\/a> nutznie\u00dfen von unserem Service.<\/p>\n","protected":false},"excerpt":{"rendered":"<p>Wir arbeiten ergebnisorientiert. Das gesteckte Ziel ist dabei: Pflegbarkeit durch sauber strukturierten Code Erweiterbarkeit durch stringente Objektorientierung \u00dcberschaubarkeit durch Relevanz statt Redundanz Ihr Unternehmen profitiert aus diesen Ans\u00e4tzen mit: termingerechtem Projektabschluss mit zuverl\u00e4ssiger Funktion vorausschaubaren und g\u00fcnstigen Kosten bester Qualit\u00e4t f\u00fcr Funktionstreue, stabilen Lauf und sp\u00e4tere Ausbauf\u00e4higkeit Unsere zufriedenen Kunden nutznie\u00dfen von unserem Service.<\/p>\n","protected":false},"author":1,"featured_media":0,"parent":0,"menu_order":0,"comment_status":"closed","ping_status":"closed","template":"","meta":{"footnotes":""},"_links":{"self":[{"href":"https:\/\/s-e-krause.de\/index.php?rest_route=\/wp\/v2\/pages\/40"}],"collection":[{"href":"https:\/\/s-e-krause.de\/index.php?rest_route=\/wp\/v2\/pages"}],"about":[{"href":"https:\/\/s-e-krause.de\/index.php?rest_route=\/wp\/v2\/types\/page"}],"author":[{"embeddable":true,"href":"https:\/\/s-e-krause.de\/index.php?rest_route=\/wp\/v2\/users\/1"}],"replies":[{"embeddable":true,"href":"https:\/\/s-e-krause.de\/index.php?rest_route=%2Fwp%2Fv2%2Fcomments&post=40"}],"version-history":[{"count":5,"href":"https:\/\/s-e-krause.de\/index.php?rest_route=\/wp\/v2\/pages\/40\/revisions"}],"predecessor-version":[{"id":134,"href":"https:\/\/s-e-krause.de\/index.php?rest_route=\/wp\/v2\/pages\/40\/revisions\/134"}],"wp:attachment":[{"href":"https:\/\/s-e-krause.de\/index.php?rest_route=%2Fwp%2Fv2%2Fmedia&parent=40"}],"curies":[{"name":"wp","href":"https:\/\/api.w.org\/{rel}","templated":true}]}}