{"id":42,"date":"2020-01-15T21:39:10","date_gmt":"2020-01-15T20:39:10","guid":{"rendered":"http:\/\/s-e-krause.de\/?page_id=42"},"modified":"2020-01-15T21:59:15","modified_gmt":"2020-01-15T20:59:15","slug":"unternehmung","status":"publish","type":"page","link":"https:\/\/s-e-krause.de\/?page_id=42","title":{"rendered":"Unternehmung"},"content":{"rendered":"<p>Wir sind eine freiberufliche Unternehmung mit eigenen Produkten und Firmensitz. Im Gegensatz zu Freelancern und freien Projektarbeitern arbeiten wir grunds\u00e4tzlich mit eigenen Ressourcen und eigener Kalkulation. Dies bringt f\u00fcr Sie als Auftraggeber eine Menge <a href=\".\/?page_id=57\">Vorteile<\/a>.<\/p>\n<p>Die Informatik durchlief die letzten 50 Jahre eine st\u00e4ndige Wandlung. Seit 20 Jahren sind wir dabei und versuchen Schritt zu halten. Dabei haben wir uns st\u00e4ndig weiterentwickelt und immer neue Aufgabenstellungen exploriert:<\/p>\n<ul>\n<li>Maschinen-Rationalisierung (Robotik, Bilderkennung)<\/li>\n<li>B\u00fcro- und Gewerbeautomation (Warenwirtschaft, Zeitplanung)<\/li>\n<li>Multimedia (Bild- und Audioverarbeitung, 3D-Bildgenerierung)<\/li>\n<li>Werbemedien (Werbeplanung und -organisation)<\/li>\n<li>Telefonautomation (Telefoniesysteme)<\/li>\n<\/ul>\n<p>Aus diesem Erfahrungsschatz k\u00f6nnen Sie <a href=\".\/?page_id=34\">sch\u00f6pfen<\/a>.<\/p>\n","protected":false},"excerpt":{"rendered":"<p>Wir sind eine freiberufliche Unternehmung mit eigenen Produkten und Firmensitz. Im Gegensatz zu Freelancern und freien Projektarbeitern arbeiten wir grunds\u00e4tzlich mit eigenen Ressourcen und eigener Kalkulation. Dies bringt f\u00fcr Sie als Auftraggeber eine Menge Vorteile. Die Informatik durchlief die letzten 50 Jahre eine st\u00e4ndige Wandlung. Seit 20 Jahren sind wir dabei und versuchen Schritt zu<span class=\"post-excerpt-end\">&hellip;<\/span><\/p>\n<p class=\"more-link\"><a href=\"https:\/\/s-e-krause.de\/?page_id=42\" class=\"themebutton\">Read More<\/a><\/p>\n","protected":false},"author":1,"featured_media":0,"parent":0,"menu_order":0,"comment_status":"closed","ping_status":"closed","template":"","meta":{"footnotes":""},"_links":{"self":[{"href":"https:\/\/s-e-krause.de\/index.php?rest_route=\/wp\/v2\/pages\/42"}],"collection":[{"href":"https:\/\/s-e-krause.de\/index.php?rest_route=\/wp\/v2\/pages"}],"about":[{"href":"https:\/\/s-e-krause.de\/index.php?rest_route=\/wp\/v2\/types\/page"}],"author":[{"embeddable":true,"href":"https:\/\/s-e-krause.de\/index.php?rest_route=\/wp\/v2\/users\/1"}],"replies":[{"embeddable":true,"href":"https:\/\/s-e-krause.de\/index.php?rest_route=%2Fwp%2Fv2%2Fcomments&post=42"}],"version-history":[{"count":3,"href":"https:\/\/s-e-krause.de\/index.php?rest_route=\/wp\/v2\/pages\/42\/revisions"}],"predecessor-version":[{"id":67,"href":"https:\/\/s-e-krause.de\/index.php?rest_route=\/wp\/v2\/pages\/42\/revisions\/67"}],"wp:attachment":[{"href":"https:\/\/s-e-krause.de\/index.php?rest_route=%2Fwp%2Fv2%2Fmedia&parent=42"}],"curies":[{"name":"wp","href":"https:\/\/api.w.org\/{rel}","templated":true}]}}