{"id":48,"date":"2020-01-15T21:43:37","date_gmt":"2020-01-15T20:43:37","guid":{"rendered":"http:\/\/s-e-krause.de\/?page_id=48"},"modified":"2020-01-15T21:43:37","modified_gmt":"2020-01-15T20:43:37","slug":"skalieren-sie","status":"publish","type":"page","link":"https:\/\/s-e-krause.de\/?page_id=48","title":{"rendered":"Skalieren Sie"},"content":{"rendered":"<h4>Prototypen<\/h4>\n<p>Sie haben ein Produkt im Kopf oder auf dem Papier und wollen sehen, ob es funktioniert?<br \/>\nWir fertigen Ihnen einen Funktionsprototypen. Die wei\u00dfen Flecken Ihrer Idee kaschieren oder l\u00f6sen wir nach Absprache.<br \/>\nSie begrenzen nur den Aufwandsumfang und setzen das Erfolgsziel. Wir gie\u00dfen Ihre Idee in Form.<\/p>\n<h4>Module<\/h4>\n<p>Ihr Projektteam ist \u00fcberlastet? Ihnen fehlt ein Spezialist?<br \/>\nBeschreiben Sie Funktion und Schnittstellen. Wir fertigen Ihnen ein autarkes Modul mit maximaler Konfigurierbarkeit.<br \/>\nBei sp\u00e4teren Erweiterungen oder \u00c4nderungen nutzen Sie die erstklassige Dokumentation oder den kommentierten Quellcode oder sprechen mit uns.<\/p>\n<h4>Komplettsystem<\/h4>\n<p>Sie ben\u00f6tigen f\u00fcr eine spezielle Aufgabe eine spezielle L\u00f6sung, k\u00f6nnen aber Inhouse nicht realisieren?<br \/>\nWir fertigen Ihnen auch umfangs-kleine L\u00f6sungen, komplett mit Bedienungsanleitung und Installationssetup.<\/p>\n","protected":false},"excerpt":{"rendered":"<p>Prototypen Sie haben ein Produkt im Kopf oder auf dem Papier und wollen sehen, ob es funktioniert? Wir fertigen Ihnen einen Funktionsprototypen. Die wei\u00dfen Flecken Ihrer Idee kaschieren oder l\u00f6sen wir nach Absprache. Sie begrenzen nur den Aufwandsumfang und setzen das Erfolgsziel. Wir gie\u00dfen Ihre Idee in Form. Module Ihr Projektteam ist \u00fcberlastet? Ihnen fehlt<span class=\"post-excerpt-end\">&hellip;<\/span><\/p>\n<p class=\"more-link\"><a href=\"https:\/\/s-e-krause.de\/?page_id=48\" class=\"themebutton\">Read More<\/a><\/p>\n","protected":false},"author":1,"featured_media":0,"parent":0,"menu_order":0,"comment_status":"closed","ping_status":"closed","template":"","meta":{"footnotes":""},"_links":{"self":[{"href":"https:\/\/s-e-krause.de\/index.php?rest_route=\/wp\/v2\/pages\/48"}],"collection":[{"href":"https:\/\/s-e-krause.de\/index.php?rest_route=\/wp\/v2\/pages"}],"about":[{"href":"https:\/\/s-e-krause.de\/index.php?rest_route=\/wp\/v2\/types\/page"}],"author":[{"embeddable":true,"href":"https:\/\/s-e-krause.de\/index.php?rest_route=\/wp\/v2\/users\/1"}],"replies":[{"embeddable":true,"href":"https:\/\/s-e-krause.de\/index.php?rest_route=%2Fwp%2Fv2%2Fcomments&post=48"}],"version-history":[{"count":1,"href":"https:\/\/s-e-krause.de\/index.php?rest_route=\/wp\/v2\/pages\/48\/revisions"}],"predecessor-version":[{"id":50,"href":"https:\/\/s-e-krause.de\/index.php?rest_route=\/wp\/v2\/pages\/48\/revisions\/50"}],"wp:attachment":[{"href":"https:\/\/s-e-krause.de\/index.php?rest_route=%2Fwp%2Fv2%2Fmedia&parent=48"}],"curies":[{"name":"wp","href":"https:\/\/api.w.org\/{rel}","templated":true}]}}