{"id":55,"date":"2020-01-15T21:46:04","date_gmt":"2020-01-15T20:46:04","guid":{"rendered":"http:\/\/s-e-krause.de\/?page_id=55"},"modified":"2020-01-15T21:46:04","modified_gmt":"2020-01-15T20:46:04","slug":"referenzen","status":"publish","type":"page","link":"https:\/\/s-e-krause.de\/?page_id=55","title":{"rendered":"Referenzen"},"content":{"rendered":"<p id=\"box1\">Zufriedene Kunden sind letztendlich die Menschen, denen wir Ihre Aufgabe leichter gemacht haben, die mit unserer Leistung ein St\u00fcck vorw\u00e4rts gekommen sind.<\/p>\n<p>Diese Menschen arbeiten in Gro\u00dfbanken, im Maschinenbau, in der High-Tech-Branche oder im Handel:<\/p>\n<ul>\n<li>1und1 AG <cite>Montabaur<\/cite><\/li>\n<li>b gmbh <cite>Ludwigsburg<\/cite><\/li>\n<li>Busch &amp; Co. KG <cite>Engelskirchen<\/cite><\/li>\n<li>Commerzbank AG <cite>Frankfurt<\/cite><\/li>\n<li>Fraunhofer Gesellschaft <cite>M\u00fcnchen<\/cite><\/li>\n<li>imt-robot AG <cite>Fellbach<\/cite><\/li>\n<li>Karlsruher Sanatorium AG <cite>Karlsruhe<\/cite><\/li>\n<li>Marseille Kliniken AG <cite>Hamburg<\/cite><\/li>\n<li>Neue Messe M\u00fcnchen AG <cite>M\u00fcnchen<\/cite><\/li>\n<li>Robert Bosch GmbH <cite>Stuttgart<\/cite><\/li>\n<li>USU AG <cite>M\u00f6glingen<\/cite><\/li>\n<li>ZKM <cite>Karlsruhe<\/cite><\/li>\n<\/ul>\n","protected":false},"excerpt":{"rendered":"<p>Zufriedene Kunden sind letztendlich die Menschen, denen wir Ihre Aufgabe leichter gemacht haben, die mit unserer Leistung ein St\u00fcck vorw\u00e4rts gekommen sind. Diese Menschen arbeiten in Gro\u00dfbanken, im Maschinenbau, in der High-Tech-Branche oder im Handel: 1und1 AG Montabaur b gmbh Ludwigsburg Busch &amp; Co. KG Engelskirchen Commerzbank AG Frankfurt Fraunhofer Gesellschaft M\u00fcnchen imt-robot AG Fellbach<span class=\"post-excerpt-end\">&hellip;<\/span><\/p>\n<p class=\"more-link\"><a href=\"https:\/\/s-e-krause.de\/?page_id=55\" class=\"themebutton\">Read More<\/a><\/p>\n","protected":false},"author":1,"featured_media":0,"parent":0,"menu_order":0,"comment_status":"closed","ping_status":"closed","template":"","meta":{"footnotes":""},"_links":{"self":[{"href":"https:\/\/s-e-krause.de\/index.php?rest_route=\/wp\/v2\/pages\/55"}],"collection":[{"href":"https:\/\/s-e-krause.de\/index.php?rest_route=\/wp\/v2\/pages"}],"about":[{"href":"https:\/\/s-e-krause.de\/index.php?rest_route=\/wp\/v2\/types\/page"}],"author":[{"embeddable":true,"href":"https:\/\/s-e-krause.de\/index.php?rest_route=\/wp\/v2\/users\/1"}],"replies":[{"embeddable":true,"href":"https:\/\/s-e-krause.de\/index.php?rest_route=%2Fwp%2Fv2%2Fcomments&post=55"}],"version-history":[{"count":1,"href":"https:\/\/s-e-krause.de\/index.php?rest_route=\/wp\/v2\/pages\/55\/revisions"}],"predecessor-version":[{"id":56,"href":"https:\/\/s-e-krause.de\/index.php?rest_route=\/wp\/v2\/pages\/55\/revisions\/56"}],"wp:attachment":[{"href":"https:\/\/s-e-krause.de\/index.php?rest_route=%2Fwp%2Fv2%2Fmedia&parent=55"}],"curies":[{"name":"wp","href":"https:\/\/api.w.org\/{rel}","templated":true}]}}