{"id":57,"date":"2020-01-15T21:47:10","date_gmt":"2020-01-15T20:47:10","guid":{"rendered":"http:\/\/s-e-krause.de\/?page_id=57"},"modified":"2020-01-15T21:50:04","modified_gmt":"2020-01-15T20:50:04","slug":"kosten-kosten","status":"publish","type":"page","link":"https:\/\/s-e-krause.de\/?page_id=57","title":{"rendered":"Kosten kosten"},"content":{"rendered":"<p>Wir arbeiten mit einem 3\u00d73-Ma\u00dfnahmeplan um Ihr Budget zu schonen:<\/p>\n<h2>I. Aufw\u00e4nde vermeiden<\/h2>\n<ul>\n<li>gute Kommunikation, damit man weiss wor\u00fcber man redet<\/li>\n<li>gute Kommunikation, damit man nicht nur redet<\/li>\n<li>parametrieren anstatt programmieren<\/li>\n<\/ul>\n<h2>II. Direkte Kosten streichen<\/h2>\n<ul>\n<li>keine Nebenkosten durch Arbeitsplatz und Werkzeuge<\/li>\n<li>keine Nebenkosten durch vermeidbare Fremdlizenzen<\/li>\n<li>keine Vermittlungskosten f\u00fcr Agenturleistungen<\/li>\n<\/ul>\n<h2>III. Kosten deckeln<\/h2>\n<ul>\n<li>verbindliche Projektleistungen<\/li>\n<li>verbindlicher Festpreis<\/li>\n<li>wiederverwendbarer Code<\/li>\n<\/ul>\n","protected":false},"excerpt":{"rendered":"<p>Wir arbeiten mit einem 3\u00d73-Ma\u00dfnahmeplan um Ihr Budget zu schonen: I. Aufw\u00e4nde vermeiden gute Kommunikation, damit man weiss wor\u00fcber man redet gute Kommunikation, damit man nicht nur redet parametrieren anstatt programmieren II. Direkte Kosten streichen keine Nebenkosten durch Arbeitsplatz und Werkzeuge keine Nebenkosten durch vermeidbare Fremdlizenzen keine Vermittlungskosten f\u00fcr Agenturleistungen III. Kosten deckeln verbindliche Projektleistungen<span class=\"post-excerpt-end\">&hellip;<\/span><\/p>\n<p class=\"more-link\"><a href=\"https:\/\/s-e-krause.de\/?page_id=57\" class=\"themebutton\">Read More<\/a><\/p>\n","protected":false},"author":1,"featured_media":0,"parent":0,"menu_order":0,"comment_status":"closed","ping_status":"closed","template":"","meta":{"footnotes":""},"_links":{"self":[{"href":"https:\/\/s-e-krause.de\/index.php?rest_route=\/wp\/v2\/pages\/57"}],"collection":[{"href":"https:\/\/s-e-krause.de\/index.php?rest_route=\/wp\/v2\/pages"}],"about":[{"href":"https:\/\/s-e-krause.de\/index.php?rest_route=\/wp\/v2\/types\/page"}],"author":[{"embeddable":true,"href":"https:\/\/s-e-krause.de\/index.php?rest_route=\/wp\/v2\/users\/1"}],"replies":[{"embeddable":true,"href":"https:\/\/s-e-krause.de\/index.php?rest_route=%2Fwp%2Fv2%2Fcomments&post=57"}],"version-history":[{"count":2,"href":"https:\/\/s-e-krause.de\/index.php?rest_route=\/wp\/v2\/pages\/57\/revisions"}],"predecessor-version":[{"id":65,"href":"https:\/\/s-e-krause.de\/index.php?rest_route=\/wp\/v2\/pages\/57\/revisions\/65"}],"wp:attachment":[{"href":"https:\/\/s-e-krause.de\/index.php?rest_route=%2Fwp%2Fv2%2Fmedia&parent=57"}],"curies":[{"name":"wp","href":"https:\/\/api.w.org\/{rel}","templated":true}]}}