{"id":60,"date":"2020-01-15T21:47:59","date_gmt":"2020-01-15T20:47:59","guid":{"rendered":"http:\/\/s-e-krause.de\/?page_id=60"},"modified":"2020-01-15T21:48:06","modified_gmt":"2020-01-15T20:48:06","slug":"simply-better","status":"publish","type":"page","link":"https:\/\/s-e-krause.de\/?page_id=60","title":{"rendered":"Simply Better"},"content":{"rendered":"<p>Unsere Produkte entwickeln wir mit der Zielsetzung<\/p>\n<ol>\n<li>beste Funktionalit\u00e4t<\/li>\n<li>beste Laufzeitstabilit\u00e4t<\/li>\n<li>beste Anpassbarkeit und Wiederverwendbarkeit<\/li>\n<\/ol>\n<p id=\"box1\">Diese Ma\u00dfst\u00e4be erzeugen eine hohe Quali\u00e4t und damit einen hohen Nutzwert f\u00fcr Ihr Unternehmen.<\/p>\n<p>Um diese Ziele zu erreichen<\/p>\n<ul>\n<li>denken wir von Projektbeginn an objektorientiert<\/li>\n<li>testen schon w\u00e4hrend der Programmierung komponentenweise<\/li>\n<li>konstruieren fehlerredundant<\/li>\n<li>ber\u00fccksichtigen auch das Undenkbare<\/li>\n<li>glauben an eigene Fehler<\/li>\n<li>und wissen von Fremdfehlern<\/li>\n<\/ul>\n","protected":false},"excerpt":{"rendered":"<p>Unsere Produkte entwickeln wir mit der Zielsetzung beste Funktionalit\u00e4t beste Laufzeitstabilit\u00e4t beste Anpassbarkeit und Wiederverwendbarkeit Diese Ma\u00dfst\u00e4be erzeugen eine hohe Quali\u00e4t und damit einen hohen Nutzwert f\u00fcr Ihr Unternehmen. Um diese Ziele zu erreichen denken wir von Projektbeginn an objektorientiert testen schon w\u00e4hrend der Programmierung komponentenweise konstruieren fehlerredundant ber\u00fccksichtigen auch das Undenkbare glauben an eigene<span class=\"post-excerpt-end\">&hellip;<\/span><\/p>\n<p class=\"more-link\"><a href=\"https:\/\/s-e-krause.de\/?page_id=60\" class=\"themebutton\">Read More<\/a><\/p>\n","protected":false},"author":1,"featured_media":0,"parent":0,"menu_order":0,"comment_status":"closed","ping_status":"closed","template":"","meta":{"footnotes":""},"_links":{"self":[{"href":"https:\/\/s-e-krause.de\/index.php?rest_route=\/wp\/v2\/pages\/60"}],"collection":[{"href":"https:\/\/s-e-krause.de\/index.php?rest_route=\/wp\/v2\/pages"}],"about":[{"href":"https:\/\/s-e-krause.de\/index.php?rest_route=\/wp\/v2\/types\/page"}],"author":[{"embeddable":true,"href":"https:\/\/s-e-krause.de\/index.php?rest_route=\/wp\/v2\/users\/1"}],"replies":[{"embeddable":true,"href":"https:\/\/s-e-krause.de\/index.php?rest_route=%2Fwp%2Fv2%2Fcomments&post=60"}],"version-history":[{"count":2,"href":"https:\/\/s-e-krause.de\/index.php?rest_route=\/wp\/v2\/pages\/60\/revisions"}],"predecessor-version":[{"id":62,"href":"https:\/\/s-e-krause.de\/index.php?rest_route=\/wp\/v2\/pages\/60\/revisions\/62"}],"wp:attachment":[{"href":"https:\/\/s-e-krause.de\/index.php?rest_route=%2Fwp%2Fv2%2Fmedia&parent=60"}],"curies":[{"name":"wp","href":"https:\/\/api.w.org\/{rel}","templated":true}]}}