{"id":68,"date":"2020-01-15T21:54:45","date_gmt":"2020-01-15T20:54:45","guid":{"rendered":"http:\/\/s-e-krause.de\/?page_id=68"},"modified":"2020-01-15T21:55:38","modified_gmt":"2020-01-15T20:55:38","slug":"sanierung","status":"publish","type":"page","link":"https:\/\/s-e-krause.de\/?page_id=68","title":{"rendered":"Sanierung"},"content":{"rendered":"<p>Programme werden meist l\u00e4nger genutzt, als gedacht. Beim Erweitern und Anpassen der Software entstehen \u00fcber die Jahre komplexe Labyrinthe. Diese sind h\u00e4ufig nicht mehr wartbar oder auf neue Bed\u00fcrfnisse und Hardware anpassbar.<\/p>\n<p>Als Alternative zur riskanten Neuprogrammierung bieten wir eine <strong>Sanierung<\/strong> des Quellcodes. Mit modernen Methoden aus dem <strong>Extreme Programming<\/strong> sichern wir die bestehende Funktionalit\u00e4t und r\u00e4umen dabei richtig auf:<\/p>\n<ol>\n<li><strong>Review<\/strong>, die Analyse des Quellcodes zeigt die Schwachstellen<\/li>\n<li><strong>Refactoring<\/strong>, beseitigt Redundanzen und restrukturiert die Module<\/li>\n<li><strong>Unittests<\/strong>, sichern \u00fcber den Gesamtprozess die Funktionalit\u00e4t<\/li>\n<\/ol>\n<p>Mit diesen Methoden f\u00fchrten wir z. B. ein Warenwirtsschaftssystem und einen Least-Cost-Router in die \u201cModerne\u201d. Auf der sanierten Basis erhielten beide Systeme im Anschluss betr\u00e4chtliche Erweiterungen.<\/p>\n<p><a href=\".\/?page_id=70\">Sprechen<\/a> wir \u00fcber Ihre Software!<\/p>\n","protected":false},"excerpt":{"rendered":"<p>Programme werden meist l\u00e4nger genutzt, als gedacht. Beim Erweitern und Anpassen der Software entstehen \u00fcber die Jahre komplexe Labyrinthe. Diese sind h\u00e4ufig nicht mehr wartbar oder auf neue Bed\u00fcrfnisse und Hardware anpassbar. Als Alternative zur riskanten Neuprogrammierung bieten wir eine Sanierung des Quellcodes. Mit modernen Methoden aus dem Extreme Programming sichern wir die bestehende Funktionalit\u00e4t<span class=\"post-excerpt-end\">&hellip;<\/span><\/p>\n<p class=\"more-link\"><a href=\"https:\/\/s-e-krause.de\/?page_id=68\" class=\"themebutton\">Read More<\/a><\/p>\n","protected":false},"author":1,"featured_media":0,"parent":0,"menu_order":0,"comment_status":"closed","ping_status":"closed","template":"","meta":{"footnotes":""},"_links":{"self":[{"href":"https:\/\/s-e-krause.de\/index.php?rest_route=\/wp\/v2\/pages\/68"}],"collection":[{"href":"https:\/\/s-e-krause.de\/index.php?rest_route=\/wp\/v2\/pages"}],"about":[{"href":"https:\/\/s-e-krause.de\/index.php?rest_route=\/wp\/v2\/types\/page"}],"author":[{"embeddable":true,"href":"https:\/\/s-e-krause.de\/index.php?rest_route=\/wp\/v2\/users\/1"}],"replies":[{"embeddable":true,"href":"https:\/\/s-e-krause.de\/index.php?rest_route=%2Fwp%2Fv2%2Fcomments&post=68"}],"version-history":[{"count":2,"href":"https:\/\/s-e-krause.de\/index.php?rest_route=\/wp\/v2\/pages\/68\/revisions"}],"predecessor-version":[{"id":72,"href":"https:\/\/s-e-krause.de\/index.php?rest_route=\/wp\/v2\/pages\/68\/revisions\/72"}],"wp:attachment":[{"href":"https:\/\/s-e-krause.de\/index.php?rest_route=%2Fwp%2Fv2%2Fmedia&parent=68"}],"curies":[{"name":"wp","href":"https:\/\/api.w.org\/{rel}","templated":true}]}}