{"id":74,"date":"2020-01-15T22:00:29","date_gmt":"2020-01-15T21:00:29","guid":{"rendered":"http:\/\/s-e-krause.de\/?page_id=74"},"modified":"2020-01-15T22:00:29","modified_gmt":"2020-01-15T21:00:29","slug":"impressum","status":"publish","type":"page","link":"https:\/\/s-e-krause.de\/?page_id=74","title":{"rendered":"Impressum"},"content":{"rendered":"<p>Haftungsausschluss: Trotz sorgf\u00e4ltiger inhaltlicher Kontrolle \u00fcbernehmen wir keine Haftung f\u00fcr die Inhalte externer Links. F\u00fcr den Inhalt der verlinkten Seiten sind ausschlie\u00dflich deren Betreiber verantwortlich.<\/p>\n<p>\u00a9 Copyright 2006-2020, Software Entwicklung Krause, Walzbachtal. Alle Rechte vorbehalten.<\/p>\n<p>Text, Bilder, Grafiken sowie deren Anordnung auf den Websites der Software Entwicklung Krause unterliegen dem Schutz des Urheberrechts und anderer Schutzgesetze. Der Inhalt dieser Websites darf nicht zu kommerziellen Zwecken kopiert, verbreitet, ver\u00e4ndert oder Dritten zug\u00e4nglich gemacht werden.<\/p>\n<p>Name und Anschrift:<br \/>\nSoftware Entwicklung Krause<br \/>\nJ\u00f6hlinger Str. 31 \u2013 33<br \/>\n75045 Walzbachtal<\/p>\n<p>V. i. S. d. P.<br \/>\nMichael Krause<\/p>\n","protected":false},"excerpt":{"rendered":"<p>Haftungsausschluss: Trotz sorgf\u00e4ltiger inhaltlicher Kontrolle \u00fcbernehmen wir keine Haftung f\u00fcr die Inhalte externer Links. F\u00fcr den Inhalt der verlinkten Seiten sind ausschlie\u00dflich deren Betreiber verantwortlich. \u00a9 Copyright 2006-2020, Software Entwicklung Krause, Walzbachtal. Alle Rechte vorbehalten. Text, Bilder, Grafiken sowie deren Anordnung auf den Websites der Software Entwicklung Krause unterliegen dem Schutz des Urheberrechts und anderer<span class=\"post-excerpt-end\">&hellip;<\/span><\/p>\n<p class=\"more-link\"><a href=\"https:\/\/s-e-krause.de\/?page_id=74\" class=\"themebutton\">Read More<\/a><\/p>\n","protected":false},"author":1,"featured_media":0,"parent":0,"menu_order":0,"comment_status":"closed","ping_status":"closed","template":"","meta":{"footnotes":""},"_links":{"self":[{"href":"https:\/\/s-e-krause.de\/index.php?rest_route=\/wp\/v2\/pages\/74"}],"collection":[{"href":"https:\/\/s-e-krause.de\/index.php?rest_route=\/wp\/v2\/pages"}],"about":[{"href":"https:\/\/s-e-krause.de\/index.php?rest_route=\/wp\/v2\/types\/page"}],"author":[{"embeddable":true,"href":"https:\/\/s-e-krause.de\/index.php?rest_route=\/wp\/v2\/users\/1"}],"replies":[{"embeddable":true,"href":"https:\/\/s-e-krause.de\/index.php?rest_route=%2Fwp%2Fv2%2Fcomments&post=74"}],"version-history":[{"count":1,"href":"https:\/\/s-e-krause.de\/index.php?rest_route=\/wp\/v2\/pages\/74\/revisions"}],"predecessor-version":[{"id":75,"href":"https:\/\/s-e-krause.de\/index.php?rest_route=\/wp\/v2\/pages\/74\/revisions\/75"}],"wp:attachment":[{"href":"https:\/\/s-e-krause.de\/index.php?rest_route=%2Fwp%2Fv2%2Fmedia&parent=74"}],"curies":[{"name":"wp","href":"https:\/\/api.w.org\/{rel}","templated":true}]}}